{"id":298,"date":"2021-05-23T04:44:20","date_gmt":"2021-05-23T04:44:20","guid":{"rendered":"http:\/\/annemurat.com\/index.php\/home\/"},"modified":"2025-09-02T11:46:22","modified_gmt":"2025-09-02T09:46:22","slug":"home","status":"publish","type":"page","link":"https:\/\/annemurat.com\/","title":{"rendered":"Accueil"},"content":{"rendered":"\n<div class=\"wp-block-uagb-advanced-heading uagb-block-c5a8207e\"><h6 class=\"uagb-heading-text\">Bonjour et Bienvenue ! <\/h6><div class=\"uagb-separator\"><\/div><\/div>\n\n\n\n<div class=\"wp-block-uagb-container uagb-block-de0ac541 alignfull uagb-is-root-container\"><div class=\"uagb-container-inner-blocks-wrap\">\n<div class=\"wp-block-uagb-info-box uagb-block-52a39e09 uagb-infobox__content-wrap  uagb-infobox-icon-above-title uagb-infobox-image-valign-top\"><div class=\"uagb-ifb-content\"><div class=\"uagb-ifb-title-wrap\"><h1 class=\"uagb-ifb-title\">Anne Murat<\/h1><\/div><p class=\"uagb-ifb-desc\">r\u00e9alisatrice documentaire<br>auteure <\/p><\/div><\/div>\n<\/div><\/div>\n\n\n\n<div class=\"wp-block-columns is-layout-flex wp-container-core-columns-is-layout-28f84493 wp-block-columns-is-layout-flex\">\n<div class=\"wp-block-column is-layout-flow wp-block-column-is-layout-flow\" style=\"flex-basis:100%\"><\/div>\n<\/div>\n\n\n\n<div class=\"wp-block-uagb-container uagb-block-7519666e alignfull uagb-is-root-container\"><div class=\"uagb-container-inner-blocks-wrap\">\n<div class=\"wp-block-uagb-info-box uagb-block-1c19f09f uagb-infobox__content-wrap  uagb-infobox-icon-above-title uagb-infobox-image-valign-top\"><div class=\"uagb-ifb-content\"><div class=\"uagb-ifb-title-wrap\"><h2 class=\"uagb-ifb-title\">Biographie<\/h2><\/div><\/div><\/div>\n\n\n\n<p><\/p>\n\n\n\n<p>Dipl\u00f4m\u00e9e d\u2019un master de Sciences Po Paris et d\u2019un triple dipl\u00f4me europ\u00e9en en langues \u00e9trang\u00e8res, Anne Murat a d\u00e9velopp\u00e9 au cours de sa formation intellectuelle un questionnement singulier, reliant art, politique, psychologie et spiritualit\u00e9. Dans ses travaux artistiques, documentaires, photographies et essais, et dans la filiation de la pens\u00e9e complexe d&#8217;Edgar Morin, elle interroge la notion d\u2019\u00eatre au monde, de transmission et de changement. <br>Plus particuli\u00e8rement, ses films lui permettent d\u2019explorer les passerelles entre documentaire, fiction, essai, au gr\u00e9 de th\u00e9matiques ch\u00e8res :<\/p>\n\n\n\n<p>TRANSFORMATION SOCIALE \/ Des pr\u00e9misses de la transition birmane (<em>Rangoon Cocoon)<\/em> en passant par la mutation fulgurante de la Chine contemporaine (<em>Les Sir\u00e8nes du Yangzi)<\/em>, elle suit la m\u00e9tamorphose du continent asiatique avec passion depuis bient\u00f4t 20 ans.<\/p>\n\n\n\n<p>TRANSFORMATION PERSONNELLE \/ Elle observe avec une \u00e9gale vigilance et exigence l\u2019articulation entre transformation personnelle (<em>\u00c0 quoi on joue\u00a0?<\/em>) et collective (<em>R\u00e9volution int\u00e9rieure<\/em>) \u00e0 l\u2019\u0153uvre en France et en Europe, o\u00f9 s\u2019interp\u00e9n\u00e8trent les champs de la psychologie et du politique.<\/p>\n\n\n\n<p>TRANSMISSION ARTISTIQUE \/ \u00c9prise de culture, notamment musicale et picturale,  elle est particuli\u00e8rement attentive \u00e0 l\u2019\u00e9volution des arts, arts vivants et m\u00e9tiers d\u2019art en t\u00eate (<em>Feu Eau Air), <\/em>travail qui se poursuit au travers des projets documentaires actuellement en d\u00e9veloppement et production.<\/p>\n\n\n\n<p><\/p>\n\n\n\n<ul class=\"wp-block-social-links aligncenter is-layout-flex wp-block-social-links-is-layout-flex\"><li class=\"wp-social-link wp-social-link-vimeo  wp-block-social-link\"><a href=\"https:\/\/vimeo.com\/annemurat\" class=\"wp-block-social-link-anchor\"><svg width=\"24\" height=\"24\" viewBox=\"0 0 24 24\" version=\"1.1\" xmlns=\"http:\/\/www.w3.org\/2000\/svg\" aria-hidden=\"true\" focusable=\"false\"><path d=\"M22.396,7.164c-0.093,2.026-1.507,4.799-4.245,8.32C15.322,19.161,12.928,21,10.97,21c-1.214,0-2.24-1.119-3.079-3.359 c-0.56-2.053-1.119-4.106-1.68-6.159C5.588,9.243,4.921,8.122,4.206,8.122c-0.156,0-0.701,0.328-1.634,0.98L1.594,7.841 c1.027-0.902,2.04-1.805,3.037-2.708C6.001,3.95,7.03,3.327,7.715,3.264c1.619-0.156,2.616,0.951,2.99,3.321 c0.404,2.557,0.685,4.147,0.841,4.769c0.467,2.121,0.981,3.181,1.542,3.181c0.435,0,1.09-0.688,1.963-2.065 c0.871-1.376,1.338-2.422,1.401-3.142c0.125-1.187-0.343-1.782-1.401-1.782c-0.498,0-1.012,0.115-1.541,0.341 c1.023-3.35,2.977-4.977,5.862-4.884C21.511,3.066,22.52,4.453,22.396,7.164z\"><\/path><\/svg><span class=\"wp-block-social-link-label screen-reader-text\">Vimeo<\/span><\/a><\/li>\n\n<li class=\"wp-social-link wp-social-link-linkedin  wp-block-social-link\"><a href=\"https:\/\/www.linkedin.com\/in\/annemurat\/\" class=\"wp-block-social-link-anchor\"><svg width=\"24\" height=\"24\" viewBox=\"0 0 24 24\" version=\"1.1\" xmlns=\"http:\/\/www.w3.org\/2000\/svg\" aria-hidden=\"true\" focusable=\"false\"><path d=\"M19.7,3H4.3C3.582,3,3,3.582,3,4.3v15.4C3,20.418,3.582,21,4.3,21h15.4c0.718,0,1.3-0.582,1.3-1.3V4.3 C21,3.582,20.418,3,19.7,3z M8.339,18.338H5.667v-8.59h2.672V18.338z M7.004,8.574c-0.857,0-1.549-0.694-1.549-1.548 c0-0.855,0.691-1.548,1.549-1.548c0.854,0,1.547,0.694,1.547,1.548C8.551,7.881,7.858,8.574,7.004,8.574z M18.339,18.338h-2.669 v-4.177c0-0.996-0.017-2.278-1.387-2.278c-1.389,0-1.601,1.086-1.601,2.206v4.249h-2.667v-8.59h2.559v1.174h0.037 c0.356-0.675,1.227-1.387,2.526-1.387c2.703,0,3.203,1.779,3.203,4.092V18.338z\"><\/path><\/svg><span class=\"wp-block-social-link-label screen-reader-text\">LinkedIn<\/span><\/a><\/li><\/ul>\n<\/div><\/div>\n","protected":false},"excerpt":{"rendered":"","protected":false},"author":1,"featured_media":0,"parent":0,"menu_order":0,"comment_status":"closed","ping_status":"closed","template":"","meta":{"site-sidebar-layout":"no-sidebar","site-content-layout":"page-builder","ast-global-header-display":"","ast-main-header-display":"","ast-hfb-above-header-display":"","ast-hfb-below-header-display":"","ast-hfb-mobile-header-display":"","site-post-title":"disabled","ast-breadcrumbs-content":"disabled","ast-featured-img":"disabled","footer-sml-layout":"","theme-transparent-header-meta":"enabled","adv-header-id-meta":"","stick-header-meta":"","header-above-stick-meta":"","header-main-stick-meta":"","header-below-stick-meta":"","footnotes":""},"class_list":["post-298","page","type-page","status-publish","hentry"],"uagb_featured_image_src":{"full":false,"thumbnail":false,"medium":false,"medium_large":false,"large":false,"1536x1536":false,"2048x2048":false},"uagb_author_info":{"display_name":"admin5874","author_link":"https:\/\/annemurat.com\/index.php\/author\/admin5874\/"},"uagb_comment_info":0,"uagb_excerpt":null,"_links":{"self":[{"href":"https:\/\/annemurat.com\/index.php\/wp-json\/wp\/v2\/pages\/298","targetHints":{"allow":["GET"]}}],"collection":[{"href":"https:\/\/annemurat.com\/index.php\/wp-json\/wp\/v2\/pages"}],"about":[{"href":"https:\/\/annemurat.com\/index.php\/wp-json\/wp\/v2\/types\/page"}],"author":[{"embeddable":true,"href":"https:\/\/annemurat.com\/index.php\/wp-json\/wp\/v2\/users\/1"}],"replies":[{"embeddable":true,"href":"https:\/\/annemurat.com\/index.php\/wp-json\/wp\/v2\/comments?post=298"}],"version-history":[{"count":57,"href":"https:\/\/annemurat.com\/index.php\/wp-json\/wp\/v2\/pages\/298\/revisions"}],"predecessor-version":[{"id":1065,"href":"https:\/\/annemurat.com\/index.php\/wp-json\/wp\/v2\/pages\/298\/revisions\/1065"}],"wp:attachment":[{"href":"https:\/\/annemurat.com\/index.php\/wp-json\/wp\/v2\/media?parent=298"}],"curies":[{"name":"wp","href":"https:\/\/api.w.org\/{rel}","templated":true}]}}